{"id":3137,"date":"2021-10-17T20:44:13","date_gmt":"2021-10-17T18:44:13","guid":{"rendered":"https:\/\/koduline.com\/en\/?page_id=3137"},"modified":"2021-10-17T20:45:28","modified_gmt":"2021-10-17T18:45:28","slug":"resources","status":"publish","type":"page","link":"https:\/\/koduline.com\/en\/resources\/","title":{"rendered":"Resources"},"content":{"rendered":"\t\t<div data-elementor-type=\"wp-page\" data-elementor-id=\"3137\" class=\"elementor elementor-3137\" data-elementor-settings=\"{&quot;ha_cmc_init_switcher&quot;:&quot;no&quot;}\">\n\t\t\t\t\t\t<section class=\"elementor-section elementor-top-section elementor-element elementor-element-79d7a7a9 elementor-section-content-middle elementor-section-boxed elementor-section-height-default elementor-section-height-default\" data-id=\"79d7a7a9\" data-element_type=\"section\" data-settings=\"{&quot;background_background&quot;:&quot;classic&quot;,&quot;_ha_eqh_enable&quot;:false}\">\n\t\t\t\t\t\t\t<div class=\"elementor-background-overlay\"><\/div>\n\t\t\t\t\t\t\t<div class=\"elementor-container elementor-column-gap-default\">\n\t\t\t\t\t<div class=\"elementor-column elementor-col-100 elementor-top-column elementor-element elementor-element-47238f27\" data-id=\"47238f27\" data-element_type=\"column\">\n\t\t\t<div class=\"elementor-widget-wrap elementor-element-populated\">\n\t\t\t\t\t\t<section class=\"elementor-section elementor-top-section elementor-element elementor-element-1ff4ba18 elementor-section-boxed elementor-section-height-default elementor-section-height-default\" data-id=\"1ff4ba18\" data-element_type=\"section\" data-settings=\"{&quot;background_background&quot;:&quot;classic&quot;,&quot;_ha_eqh_enable&quot;:false}\">\n\t\t\t\t\t\t<div class=\"elementor-container elementor-column-gap-default\">\n\t\t\t\t\t<div class=\"elementor-column elementor-col-50 elementor-top-column elementor-element elementor-element-492cd077\" data-id=\"492cd077\" data-element_type=\"column\">\n\t\t\t<div class=\"elementor-widget-wrap elementor-element-populated\">\n\t\t\t\t\t\t<section class=\"elementor-section elementor-top-section elementor-element elementor-element-eb3c5ce elementor-section-boxed elementor-section-height-default elementor-section-height-default\" data-id=\"eb3c5ce\" data-element_type=\"section\" data-settings=\"{&quot;_ha_eqh_enable&quot;:false}\">\n\t\t\t\t\t\t<div class=\"elementor-container elementor-column-gap-default\">\n\t\t\t\t\t<div class=\"elementor-column elementor-col-100 elementor-top-column elementor-element elementor-element-72ffd90f\" data-id=\"72ffd90f\" data-element_type=\"column\">\n\t\t\t<div class=\"elementor-widget-wrap elementor-element-populated\">\n\t\t\t\t\t\t<div class=\"elementor-element elementor-element-4a0cba1 elementor-widget elementor-widget-heading\" data-id=\"4a0cba1\" data-element_type=\"widget\" data-widget_type=\"heading.default\">\n\t\t\t\t<div class=\"elementor-widget-container\">\n\t\t\t\t\t<h2 class=\"elementor-heading-title elementor-size-default\">Resources\n<\/h2>\t\t\t\t<\/div>\n\t\t\t\t<\/div>\n\t\t\t\t<div class=\"elementor-element elementor-element-2b1e0969 elementor-widget elementor-widget-text-editor\" data-id=\"2b1e0969\" data-element_type=\"widget\" data-widget_type=\"text-editor.default\">\n\t\t\t\t<div class=\"elementor-widget-container\">\n\t\t\t\t\t\t\t\t\t<p>Want to know more on how to buy and rent real estate in Estonia as a foreigner?<\/p><p>Watch this video:<\/p>\t\t\t\t\t\t\t\t<\/div>\n\t\t\t\t<\/div>\n\t\t\t\t\t<\/div>\n\t\t<\/div>\n\t\t\t\t\t<\/div>\n\t\t<\/section>\n\t\t\t\t\t<\/div>\n\t\t<\/div>\n\t\t\t\t<div class=\"elementor-column elementor-col-50 elementor-top-column elementor-element elementor-element-70143c76\" data-id=\"70143c76\" data-element_type=\"column\">\n\t\t\t<div class=\"elementor-widget-wrap elementor-element-populated\">\n\t\t\t\t\t\t<div class=\"elementor-element elementor-element-63569479 elementor-widget elementor-widget-image\" data-id=\"63569479\" data-element_type=\"widget\" data-widget_type=\"image.default\">\n\t\t\t\t<div class=\"elementor-widget-container\">\n\t\t\t\t\t\t\t\t\t\t\t\t\t\t\t<img fetchpriority=\"high\" decoding=\"async\" width=\"900\" height=\"738\" src=\"https:\/\/koduline.com\/en\/wp-content\/uploads\/2021\/01\/Koduline_logo_vertical_RGB.jpg\" class=\"attachment-large size-large wp-image-2563\" alt=\"\" srcset=\"https:\/\/koduline.com\/en\/wp-content\/uploads\/2021\/01\/Koduline_logo_vertical_RGB.jpg 900w, https:\/\/koduline.com\/en\/wp-content\/uploads\/2021\/01\/Koduline_logo_vertical_RGB-300x246.jpg 300w, https:\/\/koduline.com\/en\/wp-content\/uploads\/2021\/01\/Koduline_logo_vertical_RGB-768x630.jpg 768w\" sizes=\"(max-width: 900px) 100vw, 900px\" \/>\t\t\t\t\t\t\t\t\t\t\t\t\t\t\t<\/div>\n\t\t\t\t<\/div>\n\t\t\t\t\t<\/div>\n\t\t<\/div>\n\t\t\t\t\t<\/div>\n\t\t<\/section>\n\t\t\t\t\t<\/div>\n\t\t<\/div>\n\t\t\t\t\t<\/div>\n\t\t<\/section>\n\t\t\t\t<section class=\"elementor-section elementor-top-section elementor-element elementor-element-86ec4f6 elementor-section-boxed elementor-section-height-default elementor-section-height-default\" data-id=\"86ec4f6\" data-element_type=\"section\" data-settings=\"{&quot;_ha_eqh_enable&quot;:false}\">\n\t\t\t\t\t\t<div class=\"elementor-container elementor-column-gap-default\">\n\t\t\t\t\t<div class=\"elementor-column elementor-col-100 elementor-top-column elementor-element elementor-element-b4b0b08\" data-id=\"b4b0b08\" data-element_type=\"column\">\n\t\t\t<div class=\"elementor-widget-wrap elementor-element-populated\">\n\t\t\t\t\t\t<div class=\"elementor-element elementor-element-a7b0e32 elementor-widget elementor-widget-video\" data-id=\"a7b0e32\" data-element_type=\"widget\" data-settings=\"{&quot;youtube_url&quot;:&quot;https:\\\/\\\/www.youtube.com\\\/watch?v=QKfCuUuovmU&quot;,&quot;video_type&quot;:&quot;youtube&quot;,&quot;controls&quot;:&quot;yes&quot;}\" data-widget_type=\"video.default\">\n\t\t\t\t<div class=\"elementor-widget-container\">\n\t\t\t\t\t\t\t<div class=\"elementor-wrapper elementor-open-inline\">\n\t\t\t<div class=\"elementor-video\"><\/div>\t\t<\/div>\n\t\t\t\t\t\t<\/div>\n\t\t\t\t<\/div>\n\t\t\t\t\t<\/div>\n\t\t<\/div>\n\t\t\t\t\t<\/div>\n\t\t<\/section>\n\t\t\t\t<\/div>\n\t\t","protected":false},"excerpt":{"rendered":"<p>Resources Want to know more on how to buy and rent real estate in Estonia as a foreigner? Watch this video:<\/p>\n","protected":false},"author":4,"featured_media":1544,"parent":0,"menu_order":0,"comment_status":"closed","ping_status":"closed","template":"","meta":{"_eb_attr":"","_monsterinsights_skip_tracking":false,"_monsterinsights_sitenote_active":false,"_monsterinsights_sitenote_note":"","_monsterinsights_sitenote_category":0,"neve_meta_sidebar":"","neve_meta_container":"","neve_meta_enable_content_width":"off","neve_meta_content_width":0,"neve_meta_title_alignment":"","neve_meta_author_avatar":"","neve_post_elements_order":"","neve_meta_disable_header":"","neve_meta_disable_footer":"","neve_meta_disable_title":"on","_themeisle_gutenberg_block_has_review":false,"footnotes":""},"class_list":["post-3137","page","type-page","status-publish","has-post-thumbnail","hentry"],"yoast_head":"<!-- This site is optimized with the Yoast SEO plugin v26.3 - https:\/\/yoast.com\/wordpress\/plugins\/seo\/ -->\n<title>Resources - KoduLine<\/title>\n<meta name=\"description\" content=\"Ehitame usaldusv\u00e4\u00e4rsete kinnisvaramaaklerite globaalset v\u00f5rgustikku. Teeme parimate kohalike kinnisvaramaaklerite v\u00f5rdlemise ja v\u00e4rbamise lihtsaks.\" \/>\n<meta name=\"robots\" content=\"index, follow, max-snippet:-1, max-image-preview:large, max-video-preview:-1\" \/>\n<link rel=\"canonical\" href=\"https:\/\/koduline.com\/en\/resources\/\" \/>\n<meta property=\"og:locale\" content=\"en_US\" \/>\n<meta property=\"og:type\" content=\"article\" \/>\n<meta property=\"og:title\" content=\"Resources - KoduLine\" \/>\n<meta property=\"og:description\" content=\"Ehitame usaldusv\u00e4\u00e4rsete kinnisvaramaaklerite globaalset v\u00f5rgustikku. Teeme parimate kohalike kinnisvaramaaklerite v\u00f5rdlemise ja v\u00e4rbamise lihtsaks.\" \/>\n<meta property=\"og:url\" content=\"https:\/\/koduline.com\/en\/resources\/\" \/>\n<meta property=\"og:site_name\" content=\"KoduLine\" \/>\n<meta property=\"article:publisher\" content=\"https:\/\/www.facebook.com\/koduline\/\" \/>\n<meta property=\"article:modified_time\" content=\"2021-10-17T18:45:28+00:00\" \/>\n<meta property=\"og:image\" content=\"https:\/\/koduline.com\/en\/wp-content\/uploads\/2020\/02\/Koduline_logo_sign.png\" \/>\n\t<meta property=\"og:image:width\" content=\"600\" \/>\n\t<meta property=\"og:image:height\" content=\"492\" \/>\n\t<meta property=\"og:image:type\" content=\"image\/png\" \/>\n<meta name=\"twitter:card\" content=\"summary_large_image\" \/>\n<meta name=\"twitter:label1\" content=\"Est. reading time\" \/>\n\t<meta name=\"twitter:data1\" content=\"1 minute\" \/>\n<script type=\"application\/ld+json\" class=\"yoast-schema-graph\">{\"@context\":\"https:\/\/schema.org\",\"@graph\":[{\"@type\":\"WebPage\",\"@id\":\"https:\/\/koduline.com\/en\/resources\/\",\"url\":\"https:\/\/koduline.com\/en\/resources\/\",\"name\":\"Resources - KoduLine\",\"isPartOf\":{\"@id\":\"https:\/\/koduline.com\/en\/#website\"},\"primaryImageOfPage\":{\"@id\":\"https:\/\/koduline.com\/en\/resources\/#primaryimage\"},\"image\":{\"@id\":\"https:\/\/koduline.com\/en\/resources\/#primaryimage\"},\"thumbnailUrl\":\"https:\/\/koduline.com\/en\/wp-content\/uploads\/2020\/02\/Koduline_logo_sign.png\",\"datePublished\":\"2021-10-17T18:44:13+00:00\",\"dateModified\":\"2021-10-17T18:45:28+00:00\",\"description\":\"Ehitame usaldusv\u00e4\u00e4rsete kinnisvaramaaklerite globaalset v\u00f5rgustikku. Teeme parimate kohalike kinnisvaramaaklerite v\u00f5rdlemise ja v\u00e4rbamise lihtsaks.\",\"breadcrumb\":{\"@id\":\"https:\/\/koduline.com\/en\/resources\/#breadcrumb\"},\"inLanguage\":\"en-US\",\"potentialAction\":[{\"@type\":\"ReadAction\",\"target\":[\"https:\/\/koduline.com\/en\/resources\/\"]}]},{\"@type\":\"ImageObject\",\"inLanguage\":\"en-US\",\"@id\":\"https:\/\/koduline.com\/en\/resources\/#primaryimage\",\"url\":\"https:\/\/koduline.com\/en\/wp-content\/uploads\/2020\/02\/Koduline_logo_sign.png\",\"contentUrl\":\"https:\/\/koduline.com\/en\/wp-content\/uploads\/2020\/02\/Koduline_logo_sign.png\",\"width\":600,\"height\":492},{\"@type\":\"BreadcrumbList\",\"@id\":\"https:\/\/koduline.com\/en\/resources\/#breadcrumb\",\"itemListElement\":[{\"@type\":\"ListItem\",\"position\":1,\"name\":\"Home\",\"item\":\"https:\/\/koduline.com\/en\/\"},{\"@type\":\"ListItem\",\"position\":2,\"name\":\"Resources\"}]},{\"@type\":\"WebSite\",\"@id\":\"https:\/\/koduline.com\/en\/#website\",\"url\":\"https:\/\/koduline.com\/en\/\",\"name\":\"KoduLine\",\"description\":\"V\u00f5rdle. Vali. V\u00e4rba.\",\"publisher\":{\"@id\":\"https:\/\/koduline.com\/en\/#organization\"},\"potentialAction\":[{\"@type\":\"SearchAction\",\"target\":{\"@type\":\"EntryPoint\",\"urlTemplate\":\"https:\/\/koduline.com\/en\/?s={search_term_string}\"},\"query-input\":{\"@type\":\"PropertyValueSpecification\",\"valueRequired\":true,\"valueName\":\"search_term_string\"}}],\"inLanguage\":\"en-US\"},{\"@type\":\"Organization\",\"@id\":\"https:\/\/koduline.com\/en\/#organization\",\"name\":\"Koduline O\u00dc\",\"url\":\"https:\/\/koduline.com\/en\/\",\"logo\":{\"@type\":\"ImageObject\",\"inLanguage\":\"en-US\",\"@id\":\"https:\/\/koduline.com\/en\/#\/schema\/logo\/image\/\",\"url\":\"https:\/\/koduline.com\/en\/wp-content\/uploads\/2020\/02\/Koduline_logo_sign.png\",\"contentUrl\":\"https:\/\/koduline.com\/en\/wp-content\/uploads\/2020\/02\/Koduline_logo_sign.png\",\"width\":600,\"height\":492,\"caption\":\"Koduline O\u00dc\"},\"image\":{\"@id\":\"https:\/\/koduline.com\/en\/#\/schema\/logo\/image\/\"},\"sameAs\":[\"https:\/\/www.facebook.com\/koduline\/\",\"https:\/\/www.instagram.com\/koduline\/\",\"https:\/\/www.linkedin.com\/company\/koduline\/\"]}]}<\/script>\n<!-- \/ Yoast SEO plugin. -->","yoast_head_json":{"title":"Resources - KoduLine","description":"Ehitame usaldusv\u00e4\u00e4rsete kinnisvaramaaklerite globaalset v\u00f5rgustikku. Teeme parimate kohalike kinnisvaramaaklerite v\u00f5rdlemise ja v\u00e4rbamise lihtsaks.","robots":{"index":"index","follow":"follow","max-snippet":"max-snippet:-1","max-image-preview":"max-image-preview:large","max-video-preview":"max-video-preview:-1"},"canonical":"https:\/\/koduline.com\/en\/resources\/","og_locale":"en_US","og_type":"article","og_title":"Resources - KoduLine","og_description":"Ehitame usaldusv\u00e4\u00e4rsete kinnisvaramaaklerite globaalset v\u00f5rgustikku. Teeme parimate kohalike kinnisvaramaaklerite v\u00f5rdlemise ja v\u00e4rbamise lihtsaks.","og_url":"https:\/\/koduline.com\/en\/resources\/","og_site_name":"KoduLine","article_publisher":"https:\/\/www.facebook.com\/koduline\/","article_modified_time":"2021-10-17T18:45:28+00:00","og_image":[{"width":600,"height":492,"url":"https:\/\/koduline.com\/en\/wp-content\/uploads\/2020\/02\/Koduline_logo_sign.png","type":"image\/png"}],"twitter_card":"summary_large_image","twitter_misc":{"Est. reading time":"1 minute"},"schema":{"@context":"https:\/\/schema.org","@graph":[{"@type":"WebPage","@id":"https:\/\/koduline.com\/en\/resources\/","url":"https:\/\/koduline.com\/en\/resources\/","name":"Resources - KoduLine","isPartOf":{"@id":"https:\/\/koduline.com\/en\/#website"},"primaryImageOfPage":{"@id":"https:\/\/koduline.com\/en\/resources\/#primaryimage"},"image":{"@id":"https:\/\/koduline.com\/en\/resources\/#primaryimage"},"thumbnailUrl":"https:\/\/koduline.com\/en\/wp-content\/uploads\/2020\/02\/Koduline_logo_sign.png","datePublished":"2021-10-17T18:44:13+00:00","dateModified":"2021-10-17T18:45:28+00:00","description":"Ehitame usaldusv\u00e4\u00e4rsete kinnisvaramaaklerite globaalset v\u00f5rgustikku. Teeme parimate kohalike kinnisvaramaaklerite v\u00f5rdlemise ja v\u00e4rbamise lihtsaks.","breadcrumb":{"@id":"https:\/\/koduline.com\/en\/resources\/#breadcrumb"},"inLanguage":"en-US","potentialAction":[{"@type":"ReadAction","target":["https:\/\/koduline.com\/en\/resources\/"]}]},{"@type":"ImageObject","inLanguage":"en-US","@id":"https:\/\/koduline.com\/en\/resources\/#primaryimage","url":"https:\/\/koduline.com\/en\/wp-content\/uploads\/2020\/02\/Koduline_logo_sign.png","contentUrl":"https:\/\/koduline.com\/en\/wp-content\/uploads\/2020\/02\/Koduline_logo_sign.png","width":600,"height":492},{"@type":"BreadcrumbList","@id":"https:\/\/koduline.com\/en\/resources\/#breadcrumb","itemListElement":[{"@type":"ListItem","position":1,"name":"Home","item":"https:\/\/koduline.com\/en\/"},{"@type":"ListItem","position":2,"name":"Resources"}]},{"@type":"WebSite","@id":"https:\/\/koduline.com\/en\/#website","url":"https:\/\/koduline.com\/en\/","name":"KoduLine","description":"V\u00f5rdle. Vali. V\u00e4rba.","publisher":{"@id":"https:\/\/koduline.com\/en\/#organization"},"potentialAction":[{"@type":"SearchAction","target":{"@type":"EntryPoint","urlTemplate":"https:\/\/koduline.com\/en\/?s={search_term_string}"},"query-input":{"@type":"PropertyValueSpecification","valueRequired":true,"valueName":"search_term_string"}}],"inLanguage":"en-US"},{"@type":"Organization","@id":"https:\/\/koduline.com\/en\/#organization","name":"Koduline O\u00dc","url":"https:\/\/koduline.com\/en\/","logo":{"@type":"ImageObject","inLanguage":"en-US","@id":"https:\/\/koduline.com\/en\/#\/schema\/logo\/image\/","url":"https:\/\/koduline.com\/en\/wp-content\/uploads\/2020\/02\/Koduline_logo_sign.png","contentUrl":"https:\/\/koduline.com\/en\/wp-content\/uploads\/2020\/02\/Koduline_logo_sign.png","width":600,"height":492,"caption":"Koduline O\u00dc"},"image":{"@id":"https:\/\/koduline.com\/en\/#\/schema\/logo\/image\/"},"sameAs":["https:\/\/www.facebook.com\/koduline\/","https:\/\/www.instagram.com\/koduline\/","https:\/\/www.linkedin.com\/company\/koduline\/"]}]}},"_links":{"self":[{"href":"https:\/\/koduline.com\/en\/wp-json\/wp\/v2\/pages\/3137","targetHints":{"allow":["GET"]}}],"collection":[{"href":"https:\/\/koduline.com\/en\/wp-json\/wp\/v2\/pages"}],"about":[{"href":"https:\/\/koduline.com\/en\/wp-json\/wp\/v2\/types\/page"}],"author":[{"embeddable":true,"href":"https:\/\/koduline.com\/en\/wp-json\/wp\/v2\/users\/4"}],"replies":[{"embeddable":true,"href":"https:\/\/koduline.com\/en\/wp-json\/wp\/v2\/comments?post=3137"}],"version-history":[{"count":4,"href":"https:\/\/koduline.com\/en\/wp-json\/wp\/v2\/pages\/3137\/revisions"}],"predecessor-version":[{"id":3141,"href":"https:\/\/koduline.com\/en\/wp-json\/wp\/v2\/pages\/3137\/revisions\/3141"}],"wp:featuredmedia":[{"embeddable":true,"href":"https:\/\/koduline.com\/en\/wp-json\/wp\/v2\/media\/1544"}],"wp:attachment":[{"href":"https:\/\/koduline.com\/en\/wp-json\/wp\/v2\/media?parent=3137"}],"curies":[{"name":"wp","href":"https:\/\/api.w.org\/{rel}","templated":true}]}}