{"id":149,"date":"2019-09-24T11:15:34","date_gmt":"2019-09-24T08:15:34","guid":{"rendered":"https:\/\/wp.koduline.com\/?page_id=149"},"modified":"2023-08-21T14:20:10","modified_gmt":"2023-08-21T12:20:10","slug":"kontakt","status":"publish","type":"page","link":"https:\/\/koduline.com\/ee\/kontakt\/","title":{"rendered":"Kontakt"},"content":{"rendered":"\t\t<div data-elementor-type=\"wp-page\" data-elementor-id=\"149\" class=\"elementor elementor-149\" data-elementor-settings=\"{&quot;ha_cmc_init_switcher&quot;:&quot;no&quot;}\">\n\t\t\t\t\t\t<section class=\"elementor-section elementor-top-section elementor-element elementor-element-78b1f5a1 elementor-section-content-middle elementor-section-boxed elementor-section-height-default elementor-section-height-default\" data-id=\"78b1f5a1\" data-element_type=\"section\" data-settings=\"{&quot;_ha_eqh_enable&quot;:false}\">\n\t\t\t\t\t\t<div class=\"elementor-container elementor-column-gap-no\">\n\t\t\t\t\t<div class=\"elementor-column elementor-col-100 elementor-top-column elementor-element elementor-element-172e3c12\" data-id=\"172e3c12\" data-element_type=\"column\">\n\t\t\t<div class=\"elementor-widget-wrap elementor-element-populated\">\n\t\t\t\t\t\t<div class=\"elementor-element elementor-element-759a899 elementor-widget elementor-widget-heading\" data-id=\"759a899\" data-element_type=\"widget\" data-widget_type=\"heading.default\">\n\t\t\t\t<div class=\"elementor-widget-container\">\n\t\t\t\t\t<h2 class=\"elementor-heading-title elementor-size-default\">info@koduline.ee<\/h2>\t\t\t\t<\/div>\n\t\t\t\t<\/div>\n\t\t\t\t<div class=\"elementor-element elementor-element-0dec7bb elementor-widget elementor-widget-heading\" data-id=\"0dec7bb\" data-element_type=\"widget\" data-widget_type=\"heading.default\">\n\t\t\t\t<div class=\"elementor-widget-container\">\n\t\t\t\t\t<h3 class=\"elementor-heading-title elementor-size-default\">+372 51 66 031\n<\/h3>\t\t\t\t<\/div>\n\t\t\t\t<\/div>\n\t\t\t\t\t<\/div>\n\t\t<\/div>\n\t\t\t\t\t<\/div>\n\t\t<\/section>\n\t\t\t\t<section class=\"elementor-section elementor-top-section elementor-element elementor-element-4edd1af elementor-section-content-middle elementor-section-boxed elementor-section-height-default elementor-section-height-default\" data-id=\"4edd1af\" data-element_type=\"section\" data-settings=\"{&quot;_ha_eqh_enable&quot;:false}\">\n\t\t\t\t\t\t<div class=\"elementor-container elementor-column-gap-no\">\n\t\t\t\t\t<div class=\"elementor-column elementor-col-100 elementor-top-column elementor-element elementor-element-5019a29\" data-id=\"5019a29\" data-element_type=\"column\">\n\t\t\t<div class=\"elementor-widget-wrap elementor-element-populated\">\n\t\t\t\t\t\t<div class=\"elementor-element elementor-element-a25d132 elementor-widget elementor-widget-heading\" data-id=\"a25d132\" data-element_type=\"widget\" data-widget_type=\"heading.default\">\n\t\t\t\t<div class=\"elementor-widget-container\">\n\t\t\t\t\t<h3 class=\"elementor-heading-title elementor-size-default\">Koduline O\u00dc\u200b\n<\/h3>\t\t\t\t<\/div>\n\t\t\t\t<\/div>\n\t\t\t\t<div class=\"elementor-element elementor-element-74de1bf elementor-widget elementor-widget-heading\" data-id=\"74de1bf\" data-element_type=\"widget\" data-widget_type=\"heading.default\">\n\t\t\t\t<div class=\"elementor-widget-container\">\n\t\t\t\t\t<h3 class=\"elementor-heading-title elementor-size-default\">Tallinna Loomeinkubaator <br>Veerenni 24<br>Baltika kvartal<br>C korpus<br>Tallinn<\/h3>\t\t\t\t<\/div>\n\t\t\t\t<\/div>\n\t\t\t\t<div class=\"elementor-element elementor-element-2ad3fa6 elementor-widget elementor-widget-google_maps\" data-id=\"2ad3fa6\" data-element_type=\"widget\" data-widget_type=\"google_maps.default\">\n\t\t\t\t<div class=\"elementor-widget-container\">\n\t\t\t\t\t\t\t<div class=\"elementor-custom-embed\">\n\t\t\t<iframe loading=\"lazy\"\n\t\t\t\t\tsrc=\"https:\/\/maps.google.com\/maps?q=Veerenni24Baltika%20kvartal%2C%20C%20korpus%2C%20Tallinn&#038;t=m&#038;z=18&#038;output=embed&#038;iwloc=near\"\n\t\t\t\t\ttitle=\"Veerenni24Baltika kvartal, C korpus, Tallinn\"\n\t\t\t\t\taria-label=\"Veerenni24Baltika kvartal, C korpus, Tallinn\"\n\t\t\t><\/iframe>\n\t\t<\/div>\n\t\t\t\t\t\t<\/div>\n\t\t\t\t<\/div>\n\t\t\t\t\t<\/div>\n\t\t<\/div>\n\t\t\t\t\t<\/div>\n\t\t<\/section>\n\t\t\t\t<section class=\"elementor-section elementor-top-section elementor-element elementor-element-f89561f elementor-section-boxed elementor-section-height-default elementor-section-height-default\" data-id=\"f89561f\" data-element_type=\"section\" data-settings=\"{&quot;_ha_eqh_enable&quot;:false}\">\n\t\t\t\t\t\t<div class=\"elementor-container elementor-column-gap-default\">\n\t\t\t\t\t<div class=\"elementor-column elementor-col-100 elementor-top-column elementor-element elementor-element-9f4b408\" data-id=\"9f4b408\" data-element_type=\"column\">\n\t\t\t<div class=\"elementor-widget-wrap elementor-element-populated\">\n\t\t\t\t\t\t<div class=\"elementor-element elementor-element-62f0c20 elementor-widget elementor-widget-image\" data-id=\"62f0c20\" data-element_type=\"widget\" data-widget_type=\"image.default\">\n\t\t\t\t<div class=\"elementor-widget-container\">\n\t\t\t\t\t\t\t\t\t\t\t\t\t\t\t<img data-opt-id=997520586  fetchpriority=\"high\" decoding=\"async\" width=\"704\" height=\"129\" src=\"https:\/\/mlk5quejuchj.i.optimole.com\/w:auto\/h:auto\/q:mauto\/f:best\/https:\/\/koduline.com\/ee\/wp-content\/uploads\/2019\/11\/LogoEstRegular.png\" class=\"attachment-large size-large wp-image-1281\" alt=\"\" srcset=\"https:\/\/mlk5quejuchj.i.optimole.com\/w:704\/h:129\/q:mauto\/f:best\/https:\/\/koduline.com\/ee\/wp-content\/uploads\/2019\/11\/LogoEstRegular.png 704w, https:\/\/mlk5quejuchj.i.optimole.com\/w:300\/h:55\/q:mauto\/f:best\/https:\/\/koduline.com\/ee\/wp-content\/uploads\/2019\/11\/LogoEstRegular.png 300w\" sizes=\"(max-width: 704px) 100vw, 704px\" \/>\t\t\t\t\t\t\t\t\t\t\t\t\t\t\t<\/div>\n\t\t\t\t<\/div>\n\t\t\t\t\t<\/div>\n\t\t<\/div>\n\t\t\t\t\t<\/div>\n\t\t<\/section>\n\t\t\t\t<\/div>\n\t\t","protected":false},"excerpt":{"rendered":"<p>info@koduline.ee +372 51 66 031 Koduline O\u00dc\u200b Tallinna Loomeinkubaator Veerenni 24Baltika kvartalC korpusTallinn<\/p>\n","protected":false},"author":1,"featured_media":1544,"parent":0,"menu_order":0,"comment_status":"closed","ping_status":"closed","template":"","meta":{"_eb_attr":"","_monsterinsights_skip_tracking":false,"_monsterinsights_sitenote_active":false,"_monsterinsights_sitenote_note":"","_monsterinsights_sitenote_category":0,"neve_meta_sidebar":"","neve_meta_container":"","neve_meta_enable_content_width":"off","neve_meta_content_width":0,"neve_meta_title_alignment":"","neve_meta_author_avatar":"","neve_post_elements_order":"","neve_meta_disable_header":"","neve_meta_disable_footer":"","neve_meta_disable_title":"on","_themeisle_gutenberg_block_has_review":false,"footnotes":""},"class_list":["post-149","page","type-page","status-publish","has-post-thumbnail","hentry"],"yoast_head":"<!-- This site is optimized with the Yoast SEO plugin v26.3 - https:\/\/yoast.com\/wordpress\/plugins\/seo\/ -->\n<title>Kontakt - KoduLine<\/title>\n<meta name=\"description\" content=\"Teeme midagi eriti \u00e4gedat \u00e4ra! Vali \u00fcks allolevatest v\u00f5imalustest ja me v\u00f5tame teiega \u00fchendust nii kiiresti kui v\u00f5imalik.\" \/>\n<meta name=\"robots\" content=\"index, follow, max-snippet:-1, max-image-preview:large, max-video-preview:-1\" \/>\n<link rel=\"canonical\" href=\"https:\/\/koduline.com\/ee\/kontakt\/\" \/>\n<meta property=\"og:locale\" content=\"en_US\" \/>\n<meta property=\"og:type\" content=\"article\" \/>\n<meta property=\"og:title\" content=\"Kontakt - KoduLine\" \/>\n<meta property=\"og:description\" content=\"Teeme midagi eriti \u00e4gedat \u00e4ra! Vali \u00fcks allolevatest v\u00f5imalustest ja me v\u00f5tame teiega \u00fchendust nii kiiresti kui v\u00f5imalik.\" \/>\n<meta property=\"og:url\" content=\"https:\/\/koduline.com\/ee\/kontakt\/\" \/>\n<meta property=\"og:site_name\" content=\"KoduLine\" \/>\n<meta property=\"article:publisher\" content=\"https:\/\/www.facebook.com\/koduline\/\" \/>\n<meta property=\"article:modified_time\" content=\"2023-08-21T12:20:10+00:00\" \/>\n<meta property=\"og:image\" content=\"https:\/\/mlk5quejuchj.i.optimole.com\/w:auto\/h:auto\/q:mauto\/f:best\/https:\/\/koduline.com\/ee\/wp-content\/uploads\/2020\/02\/Koduline_logo_sign.png\" \/>\n\t<meta property=\"og:image:width\" content=\"600\" \/>\n\t<meta property=\"og:image:height\" content=\"492\" \/>\n\t<meta property=\"og:image:type\" content=\"image\/png\" \/>\n<meta name=\"twitter:card\" content=\"summary_large_image\" \/>\n<meta name=\"twitter:label1\" content=\"Est. reading time\" \/>\n\t<meta name=\"twitter:data1\" content=\"1 minute\" \/>\n<script type=\"application\/ld+json\" class=\"yoast-schema-graph\">{\"@context\":\"https:\/\/schema.org\",\"@graph\":[{\"@type\":\"WebPage\",\"@id\":\"https:\/\/koduline.com\/ee\/kontakt\/\",\"url\":\"https:\/\/koduline.com\/ee\/kontakt\/\",\"name\":\"Kontakt - KoduLine\",\"isPartOf\":{\"@id\":\"https:\/\/koduline.com\/ee\/#website\"},\"primaryImageOfPage\":{\"@id\":\"https:\/\/koduline.com\/ee\/kontakt\/#primaryimage\"},\"image\":{\"@id\":\"https:\/\/koduline.com\/ee\/kontakt\/#primaryimage\"},\"thumbnailUrl\":\"https:\/\/mlk5quejuchj.i.optimole.com\/w:auto\/h:auto\/q:mauto\/f:best\/https:\/\/koduline.com\/ee\/wp-content\/uploads\/2020\/02\/Koduline_logo_sign.png\",\"datePublished\":\"2019-09-24T08:15:34+00:00\",\"dateModified\":\"2023-08-21T12:20:10+00:00\",\"description\":\"Teeme midagi eriti \u00e4gedat \u00e4ra! Vali \u00fcks allolevatest v\u00f5imalustest ja me v\u00f5tame teiega \u00fchendust nii kiiresti kui v\u00f5imalik.\",\"breadcrumb\":{\"@id\":\"https:\/\/koduline.com\/ee\/kontakt\/#breadcrumb\"},\"inLanguage\":\"en\",\"potentialAction\":[{\"@type\":\"ReadAction\",\"target\":[\"https:\/\/koduline.com\/ee\/kontakt\/\"]}]},{\"@type\":\"ImageObject\",\"inLanguage\":\"en\",\"@id\":\"https:\/\/koduline.com\/ee\/kontakt\/#primaryimage\",\"url\":\"https:\/\/mlk5quejuchj.i.optimole.com\/w:auto\/h:auto\/q:mauto\/f:best\/https:\/\/koduline.com\/ee\/wp-content\/uploads\/2020\/02\/Koduline_logo_sign.png\",\"contentUrl\":\"https:\/\/mlk5quejuchj.i.optimole.com\/w:auto\/h:auto\/q:mauto\/f:best\/https:\/\/koduline.com\/ee\/wp-content\/uploads\/2020\/02\/Koduline_logo_sign.png\",\"width\":600,\"height\":492},{\"@type\":\"BreadcrumbList\",\"@id\":\"https:\/\/koduline.com\/ee\/kontakt\/#breadcrumb\",\"itemListElement\":[{\"@type\":\"ListItem\",\"position\":1,\"name\":\"Home\",\"item\":\"https:\/\/koduline.com\/ee\/\"},{\"@type\":\"ListItem\",\"position\":2,\"name\":\"Kontakt\"}]},{\"@type\":\"WebSite\",\"@id\":\"https:\/\/koduline.com\/ee\/#website\",\"url\":\"https:\/\/koduline.com\/ee\/\",\"name\":\"KoduLine\",\"description\":\"V&otilde;rdle. Vali. V&auml;rba.\",\"publisher\":{\"@id\":\"https:\/\/koduline.com\/ee\/#organization\"},\"potentialAction\":[{\"@type\":\"SearchAction\",\"target\":{\"@type\":\"EntryPoint\",\"urlTemplate\":\"https:\/\/koduline.com\/ee\/?s={search_term_string}\"},\"query-input\":{\"@type\":\"PropertyValueSpecification\",\"valueRequired\":true,\"valueName\":\"search_term_string\"}}],\"inLanguage\":\"en\"},{\"@type\":\"Organization\",\"@id\":\"https:\/\/koduline.com\/ee\/#organization\",\"name\":\"Koduline O\u00dc\",\"url\":\"https:\/\/koduline.com\/ee\/\",\"logo\":{\"@type\":\"ImageObject\",\"inLanguage\":\"en\",\"@id\":\"https:\/\/koduline.com\/ee\/#\/schema\/logo\/image\/\",\"url\":\"https:\/\/mlk5quejuchj.i.optimole.com\/w:auto\/h:auto\/q:mauto\/f:best\/https:\/\/koduline.com\/ee\/wp-content\/uploads\/2020\/02\/Koduline_logo_sign.png\",\"contentUrl\":\"https:\/\/mlk5quejuchj.i.optimole.com\/w:auto\/h:auto\/q:mauto\/f:best\/https:\/\/koduline.com\/ee\/wp-content\/uploads\/2020\/02\/Koduline_logo_sign.png\",\"width\":600,\"height\":492,\"caption\":\"Koduline O\u00dc\"},\"image\":{\"@id\":\"https:\/\/koduline.com\/ee\/#\/schema\/logo\/image\/\"},\"sameAs\":[\"https:\/\/www.facebook.com\/koduline\/\",\"https:\/\/www.instagram.com\/koduline\/\",\"https:\/\/www.linkedin.com\/company\/koduline\/\"]}]}<\/script>\n<!-- \/ Yoast SEO plugin. -->","yoast_head_json":{"title":"Kontakt - KoduLine","description":"Teeme midagi eriti \u00e4gedat \u00e4ra! Vali \u00fcks allolevatest v\u00f5imalustest ja me v\u00f5tame teiega \u00fchendust nii kiiresti kui v\u00f5imalik.","robots":{"index":"index","follow":"follow","max-snippet":"max-snippet:-1","max-image-preview":"max-image-preview:large","max-video-preview":"max-video-preview:-1"},"canonical":"https:\/\/koduline.com\/ee\/kontakt\/","og_locale":"en_US","og_type":"article","og_title":"Kontakt - KoduLine","og_description":"Teeme midagi eriti \u00e4gedat \u00e4ra! Vali \u00fcks allolevatest v\u00f5imalustest ja me v\u00f5tame teiega \u00fchendust nii kiiresti kui v\u00f5imalik.","og_url":"https:\/\/koduline.com\/ee\/kontakt\/","og_site_name":"KoduLine","article_publisher":"https:\/\/www.facebook.com\/koduline\/","article_modified_time":"2023-08-21T12:20:10+00:00","og_image":[{"width":600,"height":492,"url":"https:\/\/mlk5quejuchj.i.optimole.com\/w:auto\/h:auto\/q:mauto\/f:best\/https:\/\/koduline.com\/ee\/wp-content\/uploads\/2020\/02\/Koduline_logo_sign.png","type":"image\/png"}],"twitter_card":"summary_large_image","twitter_misc":{"Est. reading time":"1 minute"},"schema":{"@context":"https:\/\/schema.org","@graph":[{"@type":"WebPage","@id":"https:\/\/koduline.com\/ee\/kontakt\/","url":"https:\/\/koduline.com\/ee\/kontakt\/","name":"Kontakt - KoduLine","isPartOf":{"@id":"https:\/\/koduline.com\/ee\/#website"},"primaryImageOfPage":{"@id":"https:\/\/koduline.com\/ee\/kontakt\/#primaryimage"},"image":{"@id":"https:\/\/koduline.com\/ee\/kontakt\/#primaryimage"},"thumbnailUrl":"https:\/\/mlk5quejuchj.i.optimole.com\/w:auto\/h:auto\/q:mauto\/f:best\/https:\/\/koduline.com\/ee\/wp-content\/uploads\/2020\/02\/Koduline_logo_sign.png","datePublished":"2019-09-24T08:15:34+00:00","dateModified":"2023-08-21T12:20:10+00:00","description":"Teeme midagi eriti \u00e4gedat \u00e4ra! Vali \u00fcks allolevatest v\u00f5imalustest ja me v\u00f5tame teiega \u00fchendust nii kiiresti kui v\u00f5imalik.","breadcrumb":{"@id":"https:\/\/koduline.com\/ee\/kontakt\/#breadcrumb"},"inLanguage":"en","potentialAction":[{"@type":"ReadAction","target":["https:\/\/koduline.com\/ee\/kontakt\/"]}]},{"@type":"ImageObject","inLanguage":"en","@id":"https:\/\/koduline.com\/ee\/kontakt\/#primaryimage","url":"https:\/\/mlk5quejuchj.i.optimole.com\/w:auto\/h:auto\/q:mauto\/f:best\/https:\/\/koduline.com\/ee\/wp-content\/uploads\/2020\/02\/Koduline_logo_sign.png","contentUrl":"https:\/\/mlk5quejuchj.i.optimole.com\/w:auto\/h:auto\/q:mauto\/f:best\/https:\/\/koduline.com\/ee\/wp-content\/uploads\/2020\/02\/Koduline_logo_sign.png","width":600,"height":492},{"@type":"BreadcrumbList","@id":"https:\/\/koduline.com\/ee\/kontakt\/#breadcrumb","itemListElement":[{"@type":"ListItem","position":1,"name":"Home","item":"https:\/\/koduline.com\/ee\/"},{"@type":"ListItem","position":2,"name":"Kontakt"}]},{"@type":"WebSite","@id":"https:\/\/koduline.com\/ee\/#website","url":"https:\/\/koduline.com\/ee\/","name":"KoduLine","description":"V&otilde;rdle. Vali. V&auml;rba.","publisher":{"@id":"https:\/\/koduline.com\/ee\/#organization"},"potentialAction":[{"@type":"SearchAction","target":{"@type":"EntryPoint","urlTemplate":"https:\/\/koduline.com\/ee\/?s={search_term_string}"},"query-input":{"@type":"PropertyValueSpecification","valueRequired":true,"valueName":"search_term_string"}}],"inLanguage":"en"},{"@type":"Organization","@id":"https:\/\/koduline.com\/ee\/#organization","name":"Koduline O\u00dc","url":"https:\/\/koduline.com\/ee\/","logo":{"@type":"ImageObject","inLanguage":"en","@id":"https:\/\/koduline.com\/ee\/#\/schema\/logo\/image\/","url":"https:\/\/mlk5quejuchj.i.optimole.com\/w:auto\/h:auto\/q:mauto\/f:best\/https:\/\/koduline.com\/ee\/wp-content\/uploads\/2020\/02\/Koduline_logo_sign.png","contentUrl":"https:\/\/mlk5quejuchj.i.optimole.com\/w:auto\/h:auto\/q:mauto\/f:best\/https:\/\/koduline.com\/ee\/wp-content\/uploads\/2020\/02\/Koduline_logo_sign.png","width":600,"height":492,"caption":"Koduline O\u00dc"},"image":{"@id":"https:\/\/koduline.com\/ee\/#\/schema\/logo\/image\/"},"sameAs":["https:\/\/www.facebook.com\/koduline\/","https:\/\/www.instagram.com\/koduline\/","https:\/\/www.linkedin.com\/company\/koduline\/"]}]}},"_links":{"self":[{"href":"https:\/\/koduline.com\/ee\/wp-json\/wp\/v2\/pages\/149","targetHints":{"allow":["GET"]}}],"collection":[{"href":"https:\/\/koduline.com\/ee\/wp-json\/wp\/v2\/pages"}],"about":[{"href":"https:\/\/koduline.com\/ee\/wp-json\/wp\/v2\/types\/page"}],"author":[{"embeddable":true,"href":"https:\/\/koduline.com\/ee\/wp-json\/wp\/v2\/users\/1"}],"replies":[{"embeddable":true,"href":"https:\/\/koduline.com\/ee\/wp-json\/wp\/v2\/comments?post=149"}],"version-history":[{"count":63,"href":"https:\/\/koduline.com\/ee\/wp-json\/wp\/v2\/pages\/149\/revisions"}],"predecessor-version":[{"id":3734,"href":"https:\/\/koduline.com\/ee\/wp-json\/wp\/v2\/pages\/149\/revisions\/3734"}],"wp:featuredmedia":[{"embeddable":true,"href":"https:\/\/koduline.com\/ee\/wp-json\/wp\/v2\/media\/1544"}],"wp:attachment":[{"href":"https:\/\/koduline.com\/ee\/wp-json\/wp\/v2\/media?parent=149"}],"curies":[{"name":"wp","href":"https:\/\/api.w.org\/{rel}","templated":true}]}}